{"id":13666,"date":"2024-04-11T17:26:33","date_gmt":"2024-04-11T17:26:33","guid":{"rendered":"https:\/\/alchemymarkets.com\/quienes-somos\/"},"modified":"2024-04-11T17:26:33","modified_gmt":"2024-04-11T17:26:33","slug":"quienes-somos","status":"publish","type":"page","link":"https:\/\/alchemymarkets.com\/es\/quienes-somos\/","title":{"rendered":"Qui\u00e9nes somos"},"content":{"rendered":"","protected":false},"excerpt":{"rendered":"","protected":false},"author":1,"featured_media":0,"parent":0,"menu_order":0,"comment_status":"closed","ping_status":"closed","template":"templates\/about-template.php","meta":{"_acf_changed":false,"footnotes":""},"class_list":["post-13666","page","type-page","status-publish","hentry"],"acf":[],"yoast_head":"<!-- This site is optimized with the Yoast SEO plugin v26.9 - https:\/\/yoast.com\/product\/yoast-seo-wordpress\/ -->\n<title>Qui\u00e9nes somos | Alchemy Markets: Br\u00f3ker multiactivo de confianza<\/title>\n<meta name=\"description\" content=\"Descubre Alchemy Markets: un br\u00f3ker de CFD multiactivos fiable y de confianza. Conoce c\u00f3mo potenciamos a los traders de todo el mundo con innovaci\u00f3n y excelencia.\" \/>\n<meta name=\"robots\" content=\"index, follow, max-snippet:-1, max-image-preview:large, max-video-preview:-1\" \/>\n<link rel=\"canonical\" href=\"https:\/\/alchemymarkets.com\/es\/quienes-somos\/\" \/>\n<meta property=\"og:locale\" content=\"es_ES\" \/>\n<meta property=\"og:type\" content=\"article\" \/>\n<meta property=\"og:title\" content=\"Qui\u00e9nes somos | Alchemy Markets: Br\u00f3ker multiactivo de confianza\" \/>\n<meta property=\"og:description\" content=\"Descubre Alchemy Markets: un br\u00f3ker de CFD multiactivos fiable y de confianza. Conoce c\u00f3mo potenciamos a los traders de todo el mundo con innovaci\u00f3n y excelencia.\" \/>\n<meta property=\"og:url\" content=\"https:\/\/alchemymarkets.com\/about-us\/\" \/>\n<meta property=\"og:site_name\" content=\"Alchemy Markets\" \/>\n<meta name=\"twitter:card\" content=\"summary_large_image\" \/>\n<!-- \/ Yoast SEO plugin. -->","yoast_head_json":{"title":"Qui\u00e9nes somos | Alchemy Markets: Br\u00f3ker multiactivo de confianza","description":"Descubre Alchemy Markets: un br\u00f3ker de CFD multiactivos fiable y de confianza. Conoce c\u00f3mo potenciamos a los traders de todo el mundo con innovaci\u00f3n y excelencia.","robots":{"index":"index","follow":"follow","max-snippet":"max-snippet:-1","max-image-preview":"max-image-preview:large","max-video-preview":"max-video-preview:-1"},"canonical":"https:\/\/alchemymarkets.com\/es\/quienes-somos\/","og_locale":"es_ES","og_type":"article","og_title":"Qui\u00e9nes somos | Alchemy Markets: Br\u00f3ker multiactivo de confianza","og_description":"Descubre Alchemy Markets: un br\u00f3ker de CFD multiactivos fiable y de confianza. Conoce c\u00f3mo potenciamos a los traders de todo el mundo con innovaci\u00f3n y excelencia.","og_url":"https:\/\/alchemymarkets.com\/about-us\/","og_site_name":"Alchemy Markets","twitter_card":"summary_large_image","schema":{"@context":"https:\/\/schema.org","@graph":[{"@type":"WebPage","@id":"https:\/\/alchemymarkets.com\/about-us\/","url":"https:\/\/alchemymarkets.com\/about-us\/","name":"Qui\u00e9nes somos | Alchemy Markets: Br\u00f3ker multiactivo de confianza","isPartOf":{"@id":"https:\/\/alchemymarkets.com\/#website"},"datePublished":"2024-04-11T17:26:33+00:00","description":"Descubre Alchemy Markets: un br\u00f3ker de CFD multiactivos fiable y de confianza. Conoce c\u00f3mo potenciamos a los traders de todo el mundo con innovaci\u00f3n y excelencia.","breadcrumb":{"@id":"https:\/\/alchemymarkets.com\/about-us\/#breadcrumb"},"inLanguage":"es","potentialAction":[{"@type":"ReadAction","target":["https:\/\/alchemymarkets.com\/about-us\/"]}]},{"@type":"BreadcrumbList","@id":"https:\/\/alchemymarkets.com\/about-us\/#breadcrumb","itemListElement":[{"@type":"ListItem","position":1,"name":"Home","item":"https:\/\/alchemymarkets.com\/"},{"@type":"ListItem","position":2,"name":"Qui\u00e9nes somos"}]},{"@type":"WebSite","@id":"https:\/\/alchemymarkets.com\/#website","url":"https:\/\/alchemymarkets.com\/","name":"Alchemy Markets","description":"","potentialAction":[{"@type":"SearchAction","target":{"@type":"EntryPoint","urlTemplate":"https:\/\/alchemymarkets.com\/?s={search_term_string}"},"query-input":{"@type":"PropertyValueSpecification","valueRequired":true,"valueName":"search_term_string"}}],"inLanguage":"es"}]}},"_links":{"self":[{"href":"https:\/\/alchemymarkets.com\/es\/wp-json\/wp\/v2\/pages\/13666","targetHints":{"allow":["GET"]}}],"collection":[{"href":"https:\/\/alchemymarkets.com\/es\/wp-json\/wp\/v2\/pages"}],"about":[{"href":"https:\/\/alchemymarkets.com\/es\/wp-json\/wp\/v2\/types\/page"}],"author":[{"embeddable":true,"href":"https:\/\/alchemymarkets.com\/es\/wp-json\/wp\/v2\/users\/1"}],"replies":[{"embeddable":true,"href":"https:\/\/alchemymarkets.com\/es\/wp-json\/wp\/v2\/comments?post=13666"}],"version-history":[{"count":0,"href":"https:\/\/alchemymarkets.com\/es\/wp-json\/wp\/v2\/pages\/13666\/revisions"}],"wp:attachment":[{"href":"https:\/\/alchemymarkets.com\/es\/wp-json\/wp\/v2\/media?parent=13666"}],"curies":[{"name":"wp","href":"https:\/\/api.w.org\/{rel}","templated":true}]}}