{"id":13639,"date":"2024-04-03T06:57:45","date_gmt":"2024-04-03T06:57:45","guid":{"rendered":"https:\/\/alchemymarkets.com\/pagina-de-inicio\/"},"modified":"2025-07-07T23:36:50","modified_gmt":"2025-07-07T23:36:50","slug":"pagina-de-inicio","status":"publish","type":"page","link":"https:\/\/alchemymarkets.com\/es\/","title":{"rendered":"P\u00e1gina de inicio"},"content":{"rendered":"","protected":false},"excerpt":{"rendered":"","protected":false},"author":1,"featured_media":0,"parent":0,"menu_order":0,"comment_status":"closed","ping_status":"closed","template":"","meta":{"_acf_changed":false,"footnotes":""},"class_list":["post-13639","page","type-page","status-publish","hentry"],"acf":[],"yoast_head":"<!-- This site is optimized with the Yoast SEO plugin v26.9 - https:\/\/yoast.com\/product\/yoast-seo-wordpress\/ -->\n<title>Alchemy Markets: Opera con Forex y CFD | Br\u00f3ker multiactivo de confianza<\/title>\n<meta name=\"description\" content=\"Opera con m\u00e1s de 300 CFD, incluyendo Acciones, \u00cdndices, Divisas y m\u00e1s en las plataformas de trading m\u00e1s populares. Empieza a operar con Alchemy Markets hoy.\" \/>\n<meta name=\"robots\" content=\"index, follow, max-snippet:-1, max-image-preview:large, max-video-preview:-1\" \/>\n<link rel=\"canonical\" href=\"https:\/\/alchemymarkets.com\/\" \/>\n<meta property=\"og:locale\" content=\"es_ES\" \/>\n<meta property=\"og:type\" content=\"article\" \/>\n<meta property=\"og:title\" content=\"Alchemy Markets: Opera con Forex y CFD | Br\u00f3ker multiactivo de confianza\" \/>\n<meta property=\"og:description\" content=\"Opera con m\u00e1s de 300 CFD, incluyendo Acciones, \u00cdndices, Divisas y m\u00e1s en las plataformas de trading m\u00e1s populares. Empieza a operar con Alchemy Markets hoy.\" \/>\n<meta property=\"og:url\" content=\"https:\/\/alchemymarkets.com\/\" \/>\n<meta property=\"og:site_name\" content=\"Alchemy Markets\" \/>\n<meta property=\"article:modified_time\" content=\"2025-07-07T23:36:50+00:00\" \/>\n<meta name=\"twitter:card\" content=\"summary_large_image\" \/>\n<!-- \/ Yoast SEO plugin. -->","yoast_head_json":{"title":"Alchemy Markets: Opera con Forex y CFD | Br\u00f3ker multiactivo de confianza","description":"Opera con m\u00e1s de 300 CFD, incluyendo Acciones, \u00cdndices, Divisas y m\u00e1s en las plataformas de trading m\u00e1s populares. Empieza a operar con Alchemy Markets hoy.","robots":{"index":"index","follow":"follow","max-snippet":"max-snippet:-1","max-image-preview":"max-image-preview:large","max-video-preview":"max-video-preview:-1"},"canonical":"https:\/\/alchemymarkets.com\/","og_locale":"es_ES","og_type":"article","og_title":"Alchemy Markets: Opera con Forex y CFD | Br\u00f3ker multiactivo de confianza","og_description":"Opera con m\u00e1s de 300 CFD, incluyendo Acciones, \u00cdndices, Divisas y m\u00e1s en las plataformas de trading m\u00e1s populares. Empieza a operar con Alchemy Markets hoy.","og_url":"https:\/\/alchemymarkets.com\/","og_site_name":"Alchemy Markets","article_modified_time":"2025-07-07T23:36:50+00:00","twitter_card":"summary_large_image","schema":{"@context":"https:\/\/schema.org","@graph":[{"@type":"WebPage","@id":"https:\/\/alchemymarkets.com\/","url":"https:\/\/alchemymarkets.com\/","name":"Alchemy Markets: Opera con Forex y CFD | Br\u00f3ker multiactivo de confianza","isPartOf":{"@id":"https:\/\/alchemymarkets.com\/#website"},"datePublished":"2024-04-03T06:57:45+00:00","dateModified":"2025-07-07T23:36:50+00:00","description":"Opera con m\u00e1s de 300 CFD, incluyendo Acciones, \u00cdndices, Divisas y m\u00e1s en las plataformas de trading m\u00e1s populares. Empieza a operar con Alchemy Markets hoy.","breadcrumb":{"@id":"https:\/\/alchemymarkets.com\/#breadcrumb"},"inLanguage":"es","potentialAction":[{"@type":"ReadAction","target":["https:\/\/alchemymarkets.com\/"]}]},{"@type":"BreadcrumbList","@id":"https:\/\/alchemymarkets.com\/#breadcrumb","itemListElement":[{"@type":"ListItem","position":1,"name":"Home","item":"https:\/\/alchemymarkets.com\/"},{"@type":"ListItem","position":2,"name":"P\u00e1gina de inicio"}]},{"@type":"WebSite","@id":"https:\/\/alchemymarkets.com\/#website","url":"https:\/\/alchemymarkets.com\/","name":"Alchemy Markets","description":"","potentialAction":[{"@type":"SearchAction","target":{"@type":"EntryPoint","urlTemplate":"https:\/\/alchemymarkets.com\/?s={search_term_string}"},"query-input":{"@type":"PropertyValueSpecification","valueRequired":true,"valueName":"search_term_string"}}],"inLanguage":"es"}]}},"_links":{"self":[{"href":"https:\/\/alchemymarkets.com\/es\/wp-json\/wp\/v2\/pages\/13639","targetHints":{"allow":["GET"]}}],"collection":[{"href":"https:\/\/alchemymarkets.com\/es\/wp-json\/wp\/v2\/pages"}],"about":[{"href":"https:\/\/alchemymarkets.com\/es\/wp-json\/wp\/v2\/types\/page"}],"author":[{"embeddable":true,"href":"https:\/\/alchemymarkets.com\/es\/wp-json\/wp\/v2\/users\/1"}],"replies":[{"embeddable":true,"href":"https:\/\/alchemymarkets.com\/es\/wp-json\/wp\/v2\/comments?post=13639"}],"version-history":[{"count":0,"href":"https:\/\/alchemymarkets.com\/es\/wp-json\/wp\/v2\/pages\/13639\/revisions"}],"wp:attachment":[{"href":"https:\/\/alchemymarkets.com\/es\/wp-json\/wp\/v2\/media?parent=13639"}],"curies":[{"name":"wp","href":"https:\/\/api.w.org\/{rel}","templated":true}]}}